{"id":258,"date":"2021-11-17T15:27:03","date_gmt":"2021-11-17T14:27:03","guid":{"rendered":"http:\/\/qocbqnj.cluster031.hosting.ovh.net\/?page_id=258"},"modified":"2023-04-04T18:24:17","modified_gmt":"2023-04-04T16:24:17","slug":"entreprise","status":"publish","type":"page","link":"https:\/\/lesflaneurs.fr\/index.php\/entreprise\/","title":{"rendered":"Entreprise"},"content":{"rendered":"\t\t<div data-elementor-type=\"wp-page\" data-elementor-id=\"258\" class=\"elementor elementor-258\">\n\t\t\t\t\t\t<section class=\"elementor-section elementor-top-section elementor-element elementor-element-4108e79 elementor-section-boxed elementor-section-height-default elementor-section-height-default\" data-id=\"4108e79\" data-element_type=\"section\">\n\t\t\t\t\t\t<div class=\"elementor-container elementor-column-gap-default\">\n\t\t\t\t\t<div class=\"aux-parallax-section elementor-column elementor-col-100 elementor-top-column elementor-element elementor-element-8904b35\" data-id=\"8904b35\" data-element_type=\"column\">\n\t\t\t<div class=\"elementor-widget-wrap elementor-element-populated\">\n\t\t\t\t\t\t<div class=\"elementor-element elementor-element-2ac17e3 elementor-invisible elementor-widget elementor-widget-heading\" data-id=\"2ac17e3\" data-element_type=\"widget\" data-settings=\"{&quot;_animation&quot;:&quot;fadeInDown&quot;}\" data-widget_type=\"heading.default\">\n\t\t\t\t<div class=\"elementor-widget-container\">\n\t\t\t<h1 class=\"elementor-heading-title elementor-size-xl\">Culture pour les entreprises<\/h1>\t\t<\/div>\n\t\t\t\t<\/div>\n\t\t\t\t\t<\/div>\n\t\t<\/div>\n\t\t\t\t\t<\/div>\n\t\t<\/section>\n\t\t\t\t<section class=\"elementor-section elementor-top-section elementor-element elementor-element-11a437b elementor-section-boxed elementor-section-height-default elementor-section-height-default\" data-id=\"11a437b\" data-element_type=\"section\">\n\t\t\t\t\t\t<div class=\"elementor-container elementor-column-gap-default\">\n\t\t\t\t\t<div class=\"aux-parallax-section elementor-column elementor-col-100 elementor-top-column elementor-element elementor-element-20589d7\" data-id=\"20589d7\" data-element_type=\"column\">\n\t\t\t<div class=\"elementor-widget-wrap elementor-element-populated\">\n\t\t\t\t\t\t<div class=\"elementor-element elementor-element-37ae507 elementor-widget-divider--view-line elementor-widget elementor-widget-divider\" data-id=\"37ae507\" data-element_type=\"widget\" data-widget_type=\"divider.default\">\n\t\t\t\t<div class=\"elementor-widget-container\">\n\t\t\t\t\t<div class=\"elementor-divider\">\n\t\t\t<span class=\"elementor-divider-separator\">\n\t\t\t\t\t\t<\/span>\n\t\t<\/div>\n\t\t\t\t<\/div>\n\t\t\t\t<\/div>\n\t\t\t\t\t<\/div>\n\t\t<\/div>\n\t\t\t\t\t<\/div>\n\t\t<\/section>\n\t\t\t\t<section class=\"elementor-section elementor-top-section elementor-element elementor-element-85d596f elementor-section-boxed elementor-section-height-default elementor-section-height-default\" data-id=\"85d596f\" data-element_type=\"section\">\n\t\t\t\t\t\t<div class=\"elementor-container elementor-column-gap-default\">\n\t\t\t\t\t<div class=\"aux-parallax-section elementor-column elementor-col-100 elementor-top-column elementor-element elementor-element-9c730f8\" data-id=\"9c730f8\" data-element_type=\"column\">\n\t\t\t<div class=\"elementor-widget-wrap elementor-element-populated\">\n\t\t\t\t\t\t<div class=\"elementor-element elementor-element-202ff0e elementor-invisible elementor-widget elementor-widget-aux_modern_heading\" data-id=\"202ff0e\" data-element_type=\"widget\" data-settings=\"{&quot;_animation&quot;:&quot;fadeInDown&quot;}\" data-widget_type=\"aux_modern_heading.default\">\n\t\t\t\t<div class=\"elementor-widget-container\">\n\t\t\t<section class=\"aux-widget-modern-heading\">\n            <div class=\"aux-widget-inner\"><h1 class=\"aux-modern-heading-primary\">Entre coll\u00e8gues<\/h1><div class=\"aux-modern-heading-divider\"><\/div><\/div>\n        <\/section>\t\t<\/div>\n\t\t\t\t<\/div>\n\t\t\t\t\t<\/div>\n\t\t<\/div>\n\t\t\t\t\t<\/div>\n\t\t<\/section>\n\t\t\t\t<section class=\"elementor-section elementor-top-section elementor-element elementor-element-abbe48b elementor-section-boxed elementor-section-height-default elementor-section-height-default\" data-id=\"abbe48b\" data-element_type=\"section\" data-settings=\"{&quot;background_background&quot;:&quot;classic&quot;}\">\n\t\t\t\t\t\t<div class=\"elementor-container elementor-column-gap-default\">\n\t\t\t\t\t<div class=\"aux-parallax-section elementor-column elementor-col-50 elementor-top-column elementor-element elementor-element-2544c97\" data-id=\"2544c97\" data-element_type=\"column\">\n\t\t\t<div class=\"elementor-widget-wrap elementor-element-populated\">\n\t\t\t\t\t\t<div class=\"elementor-element elementor-element-2745c9c elementor-widget elementor-widget-heading\" data-id=\"2745c9c\" data-element_type=\"widget\" data-widget_type=\"heading.default\">\n\t\t\t\t<div class=\"elementor-widget-container\">\n\t\t\t<h5 class=\"elementor-heading-title elementor-size-medium\">10 personnes maximum - de 18h \u00e0 20h du Lundi au Vendredi<\/h5>\t\t<\/div>\n\t\t\t\t<\/div>\n\t\t\t\t<div class=\"elementor-element elementor-element-1aca788 elementor-widget__width-inherit elementor-widget elementor-widget-heading\" data-id=\"1aca788\" data-element_type=\"widget\" data-widget_type=\"heading.default\">\n\t\t\t\t<div class=\"elementor-widget-container\">\n\t\t\t<span class=\"elementor-heading-title elementor-size-medium\">Organisation de team Building culturel <br>\nUne visite guid\u00e9e suivi d'un afterwork dans un bar cosy et chaleureux. <\/span>\t\t<\/div>\n\t\t\t\t<\/div>\n\t\t\t\t<div class=\"elementor-element elementor-element-6efaab9 elementor-widget elementor-widget-text-editor\" data-id=\"6efaab9\" data-element_type=\"widget\" data-widget_type=\"text-editor.default\">\n\t\t\t\t<div class=\"elementor-widget-container\">\n\t\t\t\t\t\t\t<p>La prestation se fera en deux temps :\u00a0<\/p><ul><li><span class=\"JsGRdQ\"><span style=\"text-decoration: underline;\">La visite<\/span>, pour <\/span><strong><span class=\"JsGRdQ\">cr\u00e9er du lien<\/span><\/strong><span class=\"JsGRdQ\"> et se ravir les pupilles ensemble. Une r\u00e9trospective historique du secteur d&rsquo;activit\u00e9 peut \u00eatre envisag\u00e9.\u00a0 Un parcours ludique \u00e0 travers l&rsquo;histoire de la soci\u00e9t\u00e9, de ses faits marquants sous forme de jeu peut \u00eatre con\u00e7u.<\/span><\/li><\/ul><ul><li><span class=\"JsGRdQ\"><span style=\"text-decoration: underline;\">L&rsquo;atelier collaboratif<\/span>, pour <\/span><strong><span class=\"JsGRdQ\">renforcer ce lien<\/span><\/strong><span class=\"JsGRdQ\"> au sein m\u00eame de l&rsquo;entreprise. Tout en profitant d&rsquo;un lieu cosy pour se ravir les papilles. Le but \u00e9tant de provoquer l&rsquo;engagement de l&rsquo;\u00e9quipe. <\/span><span class=\"JsGRdQ\">L&rsquo;<\/span><span class=\"JsGRdQ\">atelier cr\u00e9atif anim\u00e9 par le guide, vise \u00e0 se projeter dans le futur de la soci\u00e9t\u00e9, en imaginant collectivement les faits marquants et la trace laiss\u00e9e par l&rsquo;entreprise dans l&rsquo;Histoire.\u00a0<\/span><\/li><\/ul><p><em><strong><span class=\"JsGRdQ\">D\u00e9couvrir l&rsquo;Histoire de l&rsquo;entreprise et participer \u00e0 l&rsquo;\u00e9criture de celle-ci.<\/span><\/strong><\/em><\/p>\t\t\t\t\t\t<\/div>\n\t\t\t\t<\/div>\n\t\t\t\t<div class=\"elementor-element elementor-element-a9fa104 elementor-align-center elementor-widget elementor-widget-button\" data-id=\"a9fa104\" data-element_type=\"widget\" data-widget_type=\"button.default\">\n\t\t\t\t<div class=\"elementor-widget-container\">\n\t\t\t\t\t<div class=\"elementor-button-wrapper\">\n\t\t\t<a class=\"elementor-button elementor-button-link elementor-size-md\" href=\"https:\/\/lesflaneurs.fr\/index.php\/contactez-nous\/\">\n\t\t\t\t\t\t<span class=\"elementor-button-content-wrapper\">\n\t\t\t\t\t\t<span class=\"elementor-button-text\">Sur devis<\/span>\n\t\t<\/span>\n\t\t\t\t\t<\/a>\n\t\t<\/div>\n\t\t\t\t<\/div>\n\t\t\t\t<\/div>\n\t\t\t\t\t<\/div>\n\t\t<\/div>\n\t\t\t\t<div class=\"aux-parallax-section elementor-column elementor-col-50 elementor-top-column elementor-element elementor-element-1a2a4b2\" data-id=\"1a2a4b2\" data-element_type=\"column\">\n\t\t\t<div class=\"elementor-widget-wrap elementor-element-populated\">\n\t\t\t\t\t\t<div class=\"elementor-element elementor-element-d245afd elementor-widget elementor-widget-image\" data-id=\"d245afd\" data-element_type=\"widget\" data-widget_type=\"image.default\">\n\t\t\t\t<div class=\"elementor-widget-container\">\n\t\t\t\t\t\t\t\t\t\t\t\t\t<img fetchpriority=\"high\" decoding=\"async\" width=\"768\" height=\"768\" src=\"https:\/\/lesflaneurs.fr\/wp-content\/uploads\/2022\/10\/Orange-et-Vert-Photo-Tache-Encadre-Connaissances-Statique-LinkedIn-Publication-2-768x768.png\" class=\"attachment-medium_large size-medium_large wp-image-2272\" alt=\"\" srcset=\"https:\/\/lesflaneurs.fr\/wp-content\/uploads\/2022\/10\/Orange-et-Vert-Photo-Tache-Encadre-Connaissances-Statique-LinkedIn-Publication-2-768x768.png 768w, https:\/\/lesflaneurs.fr\/wp-content\/uploads\/2022\/10\/Orange-et-Vert-Photo-Tache-Encadre-Connaissances-Statique-LinkedIn-Publication-2-300x300.png 300w, https:\/\/lesflaneurs.fr\/wp-content\/uploads\/2022\/10\/Orange-et-Vert-Photo-Tache-Encadre-Connaissances-Statique-LinkedIn-Publication-2-1024x1024.png 1024w, https:\/\/lesflaneurs.fr\/wp-content\/uploads\/2022\/10\/Orange-et-Vert-Photo-Tache-Encadre-Connaissances-Statique-LinkedIn-Publication-2-150x150.png 150w, https:\/\/lesflaneurs.fr\/wp-content\/uploads\/2022\/10\/Orange-et-Vert-Photo-Tache-Encadre-Connaissances-Statique-LinkedIn-Publication-2.png 1200w\" sizes=\"(max-width: 768px) 100vw, 768px\" \/>\t\t\t\t\t\t\t\t\t\t\t\t\t<\/div>\n\t\t\t\t<\/div>\n\t\t\t\t\t<\/div>\n\t\t<\/div>\n\t\t\t\t\t<\/div>\n\t\t<\/section>\n\t\t\t\t<\/div>\n\t\t","protected":false},"excerpt":{"rendered":"<p>Culture pour les entreprises Entre coll\u00e8gues 10 personnes maximum &#8211; de 18h \u00e0 20h du Lundi au Vendredi Organisation de team Building culturel Une visite guid\u00e9e suivi d&rsquo;un afterwork dans un bar cosy et chaleureux. La prestation se fera en deux temps :&nbsp; La visite, pour cr\u00e9er du lien et se ravir les pupilles ensemble. [&hellip;]<\/p>\n","protected":false},"author":1,"featured_media":287,"parent":0,"menu_order":0,"comment_status":"closed","ping_status":"closed","template":"","meta":{"footnotes":""},"class_list":["post-258","page","type-page","status-publish","has-post-thumbnail","hentry"],"yoast_head":"<!-- This site is optimized with the Yoast SEO plugin v27.4 - https:\/\/yoast.com\/product\/yoast-seo-wordpress\/ -->\n<title>Entreprise - Les Fl\u00e2neurs<\/title>\n<meta name=\"description\" content=\"vous souhaitez un team building qui sort de l&#039;ordinaire ? Nous proposons une balade culturelle d&#039;1h suivi d&#039;un afterwork dans une brasserie insolite ou un bar secret.\" \/>\n<meta name=\"robots\" content=\"index, follow, max-snippet:-1, max-image-preview:large, max-video-preview:-1\" \/>\n<link rel=\"canonical\" href=\"https:\/\/lesflaneurs.fr\/index.php\/entreprise\/\" \/>\n<meta property=\"og:locale\" content=\"fr_FR\" \/>\n<meta property=\"og:type\" content=\"article\" \/>\n<meta property=\"og:title\" content=\"Entreprise - Les Fl\u00e2neurs\" \/>\n<meta property=\"og:description\" content=\"vous souhaitez un team building qui sort de l&#039;ordinaire ? Nous proposons une balade culturelle d&#039;1h suivi d&#039;un afterwork dans une brasserie insolite ou un bar secret.\" \/>\n<meta property=\"og:url\" content=\"https:\/\/lesflaneurs.fr\/index.php\/entreprise\/\" \/>\n<meta property=\"og:site_name\" content=\"Les Fl\u00e2neurs\" \/>\n<meta property=\"article:publisher\" content=\"https:\/\/www.facebook.com\/lesflaneurslyon\" \/>\n<meta property=\"article:modified_time\" content=\"2023-04-04T16:24:17+00:00\" \/>\n<meta property=\"og:image\" content=\"https:\/\/lesflaneurs.fr\/wp-content\/uploads\/2018\/06\/pexels-canva-studio-3194519-scaled.jpg\" \/>\n\t<meta property=\"og:image:width\" content=\"1707\" \/>\n\t<meta property=\"og:image:height\" content=\"2560\" \/>\n\t<meta property=\"og:image:type\" content=\"image\/jpeg\" \/>\n<meta name=\"twitter:card\" content=\"summary_large_image\" \/>\n<meta name=\"twitter:site\" content=\"@lesflaneurslyon\" \/>\n<meta name=\"twitter:label1\" content=\"Dur\u00e9e de lecture estim\u00e9e\" \/>\n\t<meta name=\"twitter:data1\" content=\"1 minute\" \/>\n<script type=\"application\/ld+json\" class=\"yoast-schema-graph\">{\"@context\":\"https:\\\/\\\/schema.org\",\"@graph\":[{\"@type\":\"WebPage\",\"@id\":\"https:\\\/\\\/lesflaneurs.fr\\\/index.php\\\/entreprise\\\/\",\"url\":\"https:\\\/\\\/lesflaneurs.fr\\\/index.php\\\/entreprise\\\/\",\"name\":\"Entreprise - Les Fl\u00e2neurs\",\"isPartOf\":{\"@id\":\"https:\\\/\\\/lesflaneurs.fr\\\/#website\"},\"primaryImageOfPage\":{\"@id\":\"https:\\\/\\\/lesflaneurs.fr\\\/index.php\\\/entreprise\\\/#primaryimage\"},\"image\":{\"@id\":\"https:\\\/\\\/lesflaneurs.fr\\\/index.php\\\/entreprise\\\/#primaryimage\"},\"thumbnailUrl\":\"https:\\\/\\\/lesflaneurs.fr\\\/wp-content\\\/uploads\\\/2018\\\/06\\\/pexels-canva-studio-3194519-scaled.jpg\",\"datePublished\":\"2021-11-17T14:27:03+00:00\",\"dateModified\":\"2023-04-04T16:24:17+00:00\",\"description\":\"vous souhaitez un team building qui sort de l'ordinaire ? Nous proposons une balade culturelle d'1h suivi d'un afterwork dans une brasserie insolite ou un bar secret.\",\"breadcrumb\":{\"@id\":\"https:\\\/\\\/lesflaneurs.fr\\\/index.php\\\/entreprise\\\/#breadcrumb\"},\"inLanguage\":\"fr-FR\",\"potentialAction\":[{\"@type\":\"ReadAction\",\"target\":[\"https:\\\/\\\/lesflaneurs.fr\\\/index.php\\\/entreprise\\\/\"]}]},{\"@type\":\"ImageObject\",\"inLanguage\":\"fr-FR\",\"@id\":\"https:\\\/\\\/lesflaneurs.fr\\\/index.php\\\/entreprise\\\/#primaryimage\",\"url\":\"https:\\\/\\\/lesflaneurs.fr\\\/wp-content\\\/uploads\\\/2018\\\/06\\\/pexels-canva-studio-3194519-scaled.jpg\",\"contentUrl\":\"https:\\\/\\\/lesflaneurs.fr\\\/wp-content\\\/uploads\\\/2018\\\/06\\\/pexels-canva-studio-3194519-scaled.jpg\",\"width\":1707,\"height\":2560},{\"@type\":\"BreadcrumbList\",\"@id\":\"https:\\\/\\\/lesflaneurs.fr\\\/index.php\\\/entreprise\\\/#breadcrumb\",\"itemListElement\":[{\"@type\":\"ListItem\",\"position\":1,\"name\":\"Accueil\",\"item\":\"https:\\\/\\\/lesflaneurs.fr\\\/\"},{\"@type\":\"ListItem\",\"position\":2,\"name\":\"Entreprise\"}]},{\"@type\":\"WebSite\",\"@id\":\"https:\\\/\\\/lesflaneurs.fr\\\/#website\",\"url\":\"https:\\\/\\\/lesflaneurs.fr\\\/\",\"name\":\"Les Fl\u00e2neurs\",\"description\":\"Concepteurs d&#039;exp\u00e9riences culturelles\",\"publisher\":{\"@id\":\"https:\\\/\\\/lesflaneurs.fr\\\/#organization\"},\"potentialAction\":[{\"@type\":\"SearchAction\",\"target\":{\"@type\":\"EntryPoint\",\"urlTemplate\":\"https:\\\/\\\/lesflaneurs.fr\\\/?s={search_term_string}\"},\"query-input\":{\"@type\":\"PropertyValueSpecification\",\"valueRequired\":true,\"valueName\":\"search_term_string\"}}],\"inLanguage\":\"fr-FR\"},{\"@type\":\"Organization\",\"@id\":\"https:\\\/\\\/lesflaneurs.fr\\\/#organization\",\"name\":\"les fl\u00e2neurs\",\"url\":\"https:\\\/\\\/lesflaneurs.fr\\\/\",\"logo\":{\"@type\":\"ImageObject\",\"inLanguage\":\"fr-FR\",\"@id\":\"https:\\\/\\\/lesflaneurs.fr\\\/#\\\/schema\\\/logo\\\/image\\\/\",\"url\":\"http:\\\/\\\/lesflaneurs.fr\\\/wp-content\\\/uploads\\\/2022\\\/02\\\/cropped-logo-bon-format-web.png\",\"contentUrl\":\"http:\\\/\\\/lesflaneurs.fr\\\/wp-content\\\/uploads\\\/2022\\\/02\\\/cropped-logo-bon-format-web.png\",\"width\":381,\"height\":160,\"caption\":\"les fl\u00e2neurs\"},\"image\":{\"@id\":\"https:\\\/\\\/lesflaneurs.fr\\\/#\\\/schema\\\/logo\\\/image\\\/\"},\"sameAs\":[\"https:\\\/\\\/www.facebook.com\\\/lesflaneurslyon\",\"https:\\\/\\\/x.com\\\/lesflaneurslyon\",\"https:\\\/\\\/www.instagram.com\\\/lesflaneurslyon\\\/\"]}]}<\/script>\n<!-- \/ Yoast SEO plugin. -->","yoast_head_json":{"title":"Entreprise - Les Fl\u00e2neurs","description":"vous souhaitez un team building qui sort de l'ordinaire ? Nous proposons une balade culturelle d'1h suivi d'un afterwork dans une brasserie insolite ou un bar secret.","robots":{"index":"index","follow":"follow","max-snippet":"max-snippet:-1","max-image-preview":"max-image-preview:large","max-video-preview":"max-video-preview:-1"},"canonical":"https:\/\/lesflaneurs.fr\/index.php\/entreprise\/","og_locale":"fr_FR","og_type":"article","og_title":"Entreprise - Les Fl\u00e2neurs","og_description":"vous souhaitez un team building qui sort de l'ordinaire ? Nous proposons une balade culturelle d'1h suivi d'un afterwork dans une brasserie insolite ou un bar secret.","og_url":"https:\/\/lesflaneurs.fr\/index.php\/entreprise\/","og_site_name":"Les Fl\u00e2neurs","article_publisher":"https:\/\/www.facebook.com\/lesflaneurslyon","article_modified_time":"2023-04-04T16:24:17+00:00","og_image":[{"width":1707,"height":2560,"url":"https:\/\/lesflaneurs.fr\/wp-content\/uploads\/2018\/06\/pexels-canva-studio-3194519-scaled.jpg","type":"image\/jpeg"}],"twitter_card":"summary_large_image","twitter_site":"@lesflaneurslyon","twitter_misc":{"Dur\u00e9e de lecture estim\u00e9e":"1 minute"},"schema":{"@context":"https:\/\/schema.org","@graph":[{"@type":"WebPage","@id":"https:\/\/lesflaneurs.fr\/index.php\/entreprise\/","url":"https:\/\/lesflaneurs.fr\/index.php\/entreprise\/","name":"Entreprise - Les Fl\u00e2neurs","isPartOf":{"@id":"https:\/\/lesflaneurs.fr\/#website"},"primaryImageOfPage":{"@id":"https:\/\/lesflaneurs.fr\/index.php\/entreprise\/#primaryimage"},"image":{"@id":"https:\/\/lesflaneurs.fr\/index.php\/entreprise\/#primaryimage"},"thumbnailUrl":"https:\/\/lesflaneurs.fr\/wp-content\/uploads\/2018\/06\/pexels-canva-studio-3194519-scaled.jpg","datePublished":"2021-11-17T14:27:03+00:00","dateModified":"2023-04-04T16:24:17+00:00","description":"vous souhaitez un team building qui sort de l'ordinaire ? Nous proposons une balade culturelle d'1h suivi d'un afterwork dans une brasserie insolite ou un bar secret.","breadcrumb":{"@id":"https:\/\/lesflaneurs.fr\/index.php\/entreprise\/#breadcrumb"},"inLanguage":"fr-FR","potentialAction":[{"@type":"ReadAction","target":["https:\/\/lesflaneurs.fr\/index.php\/entreprise\/"]}]},{"@type":"ImageObject","inLanguage":"fr-FR","@id":"https:\/\/lesflaneurs.fr\/index.php\/entreprise\/#primaryimage","url":"https:\/\/lesflaneurs.fr\/wp-content\/uploads\/2018\/06\/pexels-canva-studio-3194519-scaled.jpg","contentUrl":"https:\/\/lesflaneurs.fr\/wp-content\/uploads\/2018\/06\/pexels-canva-studio-3194519-scaled.jpg","width":1707,"height":2560},{"@type":"BreadcrumbList","@id":"https:\/\/lesflaneurs.fr\/index.php\/entreprise\/#breadcrumb","itemListElement":[{"@type":"ListItem","position":1,"name":"Accueil","item":"https:\/\/lesflaneurs.fr\/"},{"@type":"ListItem","position":2,"name":"Entreprise"}]},{"@type":"WebSite","@id":"https:\/\/lesflaneurs.fr\/#website","url":"https:\/\/lesflaneurs.fr\/","name":"Les Fl\u00e2neurs","description":"Concepteurs d&#039;exp\u00e9riences culturelles","publisher":{"@id":"https:\/\/lesflaneurs.fr\/#organization"},"potentialAction":[{"@type":"SearchAction","target":{"@type":"EntryPoint","urlTemplate":"https:\/\/lesflaneurs.fr\/?s={search_term_string}"},"query-input":{"@type":"PropertyValueSpecification","valueRequired":true,"valueName":"search_term_string"}}],"inLanguage":"fr-FR"},{"@type":"Organization","@id":"https:\/\/lesflaneurs.fr\/#organization","name":"les fl\u00e2neurs","url":"https:\/\/lesflaneurs.fr\/","logo":{"@type":"ImageObject","inLanguage":"fr-FR","@id":"https:\/\/lesflaneurs.fr\/#\/schema\/logo\/image\/","url":"http:\/\/lesflaneurs.fr\/wp-content\/uploads\/2022\/02\/cropped-logo-bon-format-web.png","contentUrl":"http:\/\/lesflaneurs.fr\/wp-content\/uploads\/2022\/02\/cropped-logo-bon-format-web.png","width":381,"height":160,"caption":"les fl\u00e2neurs"},"image":{"@id":"https:\/\/lesflaneurs.fr\/#\/schema\/logo\/image\/"},"sameAs":["https:\/\/www.facebook.com\/lesflaneurslyon","https:\/\/x.com\/lesflaneurslyon","https:\/\/www.instagram.com\/lesflaneurslyon\/"]}]}},"_links":{"self":[{"href":"https:\/\/lesflaneurs.fr\/index.php\/wp-json\/wp\/v2\/pages\/258","targetHints":{"allow":["GET"]}}],"collection":[{"href":"https:\/\/lesflaneurs.fr\/index.php\/wp-json\/wp\/v2\/pages"}],"about":[{"href":"https:\/\/lesflaneurs.fr\/index.php\/wp-json\/wp\/v2\/types\/page"}],"author":[{"embeddable":true,"href":"https:\/\/lesflaneurs.fr\/index.php\/wp-json\/wp\/v2\/users\/1"}],"replies":[{"embeddable":true,"href":"https:\/\/lesflaneurs.fr\/index.php\/wp-json\/wp\/v2\/comments?post=258"}],"version-history":[{"count":124,"href":"https:\/\/lesflaneurs.fr\/index.php\/wp-json\/wp\/v2\/pages\/258\/revisions"}],"predecessor-version":[{"id":2423,"href":"https:\/\/lesflaneurs.fr\/index.php\/wp-json\/wp\/v2\/pages\/258\/revisions\/2423"}],"wp:featuredmedia":[{"embeddable":true,"href":"https:\/\/lesflaneurs.fr\/index.php\/wp-json\/wp\/v2\/media\/287"}],"wp:attachment":[{"href":"https:\/\/lesflaneurs.fr\/index.php\/wp-json\/wp\/v2\/media?parent=258"}],"curies":[{"name":"wp","href":"https:\/\/api.w.org\/{rel}","templated":true}]}}