{"id":123,"date":"2018-06-19T10:44:17","date_gmt":"2018-06-19T08:44:17","guid":{"rendered":"http:\/\/qocbqnj.cluster031.hosting.ovh.net\/index.php\/about-us\/"},"modified":"2023-04-04T18:28:07","modified_gmt":"2023-04-04T16:28:07","slug":"about-us","status":"publish","type":"page","link":"https:\/\/lesflaneurs.fr\/index.php\/about-us\/","title":{"rendered":"About Us"},"content":{"rendered":"\t\t<div data-elementor-type=\"wp-page\" data-elementor-id=\"123\" class=\"elementor elementor-123\">\n\t\t\t\t\t\t<section class=\"elementor-section elementor-top-section elementor-element elementor-element-ca2a472 elementor-section-content-middle elementor-section-boxed elementor-section-height-default elementor-section-height-default\" data-id=\"ca2a472\" data-element_type=\"section\" data-settings=\"{&quot;background_background&quot;:&quot;classic&quot;}\">\n\t\t\t\t\t\t<div class=\"elementor-container elementor-column-gap-default\">\n\t\t\t\t\t<div class=\"aux-parallax-section elementor-column elementor-col-50 elementor-top-column elementor-element elementor-element-2ce959dd\" data-id=\"2ce959dd\" data-element_type=\"column\">\n\t\t\t<div class=\"elementor-widget-wrap elementor-element-populated\">\n\t\t\t\t\t\t<div class=\"elementor-element elementor-element-49d9de1 aux-appear-watch-animation aux-fade-in-up elementor-widget elementor-widget-aux_modern_heading\" data-id=\"49d9de1\" data-element_type=\"widget\" data-widget_type=\"aux_modern_heading.default\">\n\t\t\t\t<div class=\"elementor-widget-container\">\n\t\t\t<section class=\"aux-widget-modern-heading\">\n            <div class=\"aux-widget-inner\"><h3 class=\"aux-modern-heading-primary\">\n\n<\/h3><h1 class=\"aux-modern-heading-secondary\"><span class=\"aux-head-before\">Concepteurs d'exp\u00e9riences culturelles<\/span><\/h1><div class=\"aux-modern-heading-divider\"><\/div><div class=\"aux-modern-heading-description\"><div class=\"WI9k4c\"><div class=\"jY7QFf\"><h6 class=\"c8d6zd ya2TWb DgZBFd\"><strong>Fl\u00e2ner <\/strong><em> (<span class=\"YrbPuc\">verbe intransitif)<\/span><\/em><i><span class=\"YrbPuc\"> :\u00a0<\/span><\/i><\/h6><\/div><\/div><div class=\"vmod\"><div class=\"vmod\" data-topic=\"\"><div class=\"vmod\"><div class=\"thODed\"><div class=\"LTKOO sY7ric\" data-topic=\"\"><div><div class=\"LTKOO sY7ric\"><h6 data-dobid=\"dfn\">Se promener sans h\u00e2te, en s'abandonnant \u00e0 l'impression et au spectacle du moment.<\/h6><div data-dobid=\"dfn\">\u00a0<\/div><\/div><\/div><\/div><\/div><\/div><\/div><\/div><h6>Les Fl\u00e2neurs sont venus au monde en ayant \u00e0 l'esprit cette id\u00e9e d'errer le regard en l'air, un peu perdu, \u00e0 la recherche de l'\u00e9merveillement.<\/h6><h6>Le mot \"exp\u00e9rience\" n'a pas \u00e9t\u00e9 choisi au hasard. Notre but est de vous faire vivre quelque-chose d'atypique. Une exp\u00e9rience m\u00e9morable.<\/h6><h6>Et le mot \"culturelle'\" car nous sommes persuad\u00e9s que c'est la curiosit\u00e9 et le d\u00e9sir de connaitre qui nous animent.<\/h6><h6>Si vous aussi vous souhaitez arpenter des sentiers m\u00e9connus rejoignez notre communaut\u00e9 de Fl\u00e2neurs.<\/h6><\/div><\/div>\n        <\/section>\t\t<\/div>\n\t\t\t\t<\/div>\n\t\t\t\t\t<\/div>\n\t\t<\/div>\n\t\t\t\t<div class=\"aux-parallax-section elementor-column elementor-col-50 elementor-top-column elementor-element elementor-element-1d8d0f19 aux-appear-watch-animation aux-scale-down\" data-id=\"1d8d0f19\" data-element_type=\"column\">\n\t\t\t<div class=\"elementor-widget-wrap elementor-element-populated\">\n\t\t\t\t\t\t<div class=\"elementor-element elementor-element-6353b78 elementor-widget elementor-widget-image\" data-id=\"6353b78\" data-element_type=\"widget\" data-widget_type=\"image.default\">\n\t\t\t\t<div class=\"elementor-widget-container\">\n\t\t\t\t\t\t\t\t\t\t\t\t\t<img fetchpriority=\"high\" decoding=\"async\" width=\"1024\" height=\"1024\" src=\"https:\/\/lesflaneurs.fr\/wp-content\/uploads\/2022\/09\/About-us-1024x1024.png\" class=\"attachment-large size-large wp-image-2237\" alt=\"\" srcset=\"https:\/\/lesflaneurs.fr\/wp-content\/uploads\/2022\/09\/About-us-1024x1024.png 1024w, https:\/\/lesflaneurs.fr\/wp-content\/uploads\/2022\/09\/About-us-300x300.png 300w, https:\/\/lesflaneurs.fr\/wp-content\/uploads\/2022\/09\/About-us-150x150.png 150w, https:\/\/lesflaneurs.fr\/wp-content\/uploads\/2022\/09\/About-us-768x768.png 768w, https:\/\/lesflaneurs.fr\/wp-content\/uploads\/2022\/09\/About-us.png 1080w\" sizes=\"(max-width: 1024px) 100vw, 1024px\" \/>\t\t\t\t\t\t\t\t\t\t\t\t\t<\/div>\n\t\t\t\t<\/div>\n\t\t\t\t\t<\/div>\n\t\t<\/div>\n\t\t\t\t\t<\/div>\n\t\t<\/section>\n\t\t\t\t<section class=\"elementor-section elementor-top-section elementor-element elementor-element-561c777c elementor-section-boxed elementor-section-height-default elementor-section-height-default\" data-id=\"561c777c\" data-element_type=\"section\" data-settings=\"{&quot;background_background&quot;:&quot;classic&quot;}\">\n\t\t\t\t\t\t<div class=\"elementor-container elementor-column-gap-default\">\n\t\t\t\t\t<div class=\"aux-parallax-section elementor-column elementor-col-100 elementor-top-column elementor-element elementor-element-74dd3d00\" data-id=\"74dd3d00\" data-element_type=\"column\" data-settings=\"{&quot;background_background&quot;:&quot;classic&quot;}\">\n\t\t\t<div class=\"elementor-widget-wrap elementor-element-populated\">\n\t\t\t\t\t<div class=\"elementor-background-overlay\"><\/div>\n\t\t\t\t\t\t<div class=\"elementor-element elementor-element-b236b17 aux-appear-watch-animation aux-scale-down elementor-widget elementor-widget-aux_modern_heading\" data-id=\"b236b17\" data-element_type=\"widget\" data-widget_type=\"aux_modern_heading.default\">\n\t\t\t\t<div class=\"elementor-widget-container\">\n\t\t\t<section class=\"aux-widget-modern-heading\">\n            <div class=\"aux-widget-inner\"><h2 class=\"aux-modern-heading-primary\">\u201c<\/h2><div class=\"aux-modern-heading-description\"><p>LA CULTURE<br \/>c est la lumi\u00e8re du pass\u00e9<br \/>dans les mains du pr\u00e9sent<br \/>pour \u00e9clairer le futur<\/p><\/div><\/div>\n        <\/section>\t\t<\/div>\n\t\t\t\t<\/div>\n\t\t\t\t<div class=\"elementor-element elementor-element-65c36c11 aux-appear-watch-animation aux-fade-in-up elementor-widget elementor-widget-aux_modern_heading\" data-id=\"65c36c11\" data-element_type=\"widget\" data-widget_type=\"aux_modern_heading.default\">\n\t\t\t\t<div class=\"elementor-widget-container\">\n\t\t\t<section class=\"aux-widget-modern-heading\">\n            <div class=\"aux-widget-inner\"><h2 class=\"aux-modern-heading-primary\">Leon Lichtle<\/h2><\/div>\n        <\/section>\t\t<\/div>\n\t\t\t\t<\/div>\n\t\t\t\t\t<\/div>\n\t\t<\/div>\n\t\t\t\t\t<\/div>\n\t\t<\/section>\n\t\t\t\t<section class=\"elementor-section elementor-top-section elementor-element elementor-element-4c06a5e elementor-section-content-middle elementor-section-boxed elementor-section-height-default elementor-section-height-default\" data-id=\"4c06a5e\" data-element_type=\"section\" data-settings=\"{&quot;background_background&quot;:&quot;classic&quot;}\">\n\t\t\t\t\t\t<div class=\"elementor-container elementor-column-gap-default\">\n\t\t\t\t\t<div class=\"aux-parallax-section elementor-column elementor-col-50 elementor-top-column elementor-element elementor-element-678f2a1\" data-id=\"678f2a1\" data-element_type=\"column\">\n\t\t\t<div class=\"elementor-widget-wrap elementor-element-populated\">\n\t\t\t\t\t\t<div class=\"elementor-element elementor-element-c26abfa elementor-widget elementor-widget-image\" data-id=\"c26abfa\" data-element_type=\"widget\" data-widget_type=\"image.default\">\n\t\t\t\t<div class=\"elementor-widget-container\">\n\t\t\t\t\t\t\t\t\t\t\t\t\t<img decoding=\"async\" src=\"https:\/\/lesflaneurs.fr\/wp-content\/uploads\/elementor\/thumbs\/pexels-george-milton-7014436-scaled-pg940v9dk7qmayod9q0boj0ioojkocz42gtek6q0sc.jpg\" title=\"pexels-george-milton-7014436\" alt=\"pexels-george-milton-7014436\" loading=\"lazy\" \/>\t\t\t\t\t\t\t\t\t\t\t\t\t<\/div>\n\t\t\t\t<\/div>\n\t\t\t\t\t<\/div>\n\t\t<\/div>\n\t\t\t\t<div class=\"aux-parallax-section elementor-column elementor-col-50 elementor-top-column elementor-element elementor-element-6f9e1c5\" data-id=\"6f9e1c5\" data-element_type=\"column\">\n\t\t\t<div class=\"elementor-widget-wrap elementor-element-populated\">\n\t\t\t\t\t\t<div class=\"elementor-element elementor-element-9706d36 elementor-widget elementor-widget-heading\" data-id=\"9706d36\" data-element_type=\"widget\" data-widget_type=\"heading.default\">\n\t\t\t\t<div class=\"elementor-widget-container\">\n\t\t\t<h3 class=\"elementor-heading-title elementor-size-default\">A propos de nous<\/h3>\t\t<\/div>\n\t\t\t\t<\/div>\n\t\t\t\t<div class=\"elementor-element elementor-element-752d1c9 elementor-widget elementor-widget-text-editor\" data-id=\"752d1c9\" data-element_type=\"widget\" data-widget_type=\"text-editor.default\">\n\t\t\t\t<div class=\"elementor-widget-container\">\n\t\t\t\t\t\t\t<h6 id=\"wnd_TextBlock_91198_inner_0\" data-wnd_is_separable=\"1\" data-wnd_separable_index=\"0\" data-wnd_separable_id=\"wnd_TextBlock_91198\">Nous sommes une jeune \u00e9quipe qui a pour but de proposer des\u00a0 exp\u00e9riences culturelles insolites.<\/h6><h6 data-wnd_is_separable=\"1\" data-wnd_separable_index=\"0\" data-wnd_separable_id=\"wnd_TextBlock_91198\">Travaillant dans le secteur culturel depuis plus de 9 ans, nous avons offici\u00e9e pour des grandes structures parisiennes, mais \u00e9galement dans des lieux plus intimistes.<\/h6><h6>Nous nous adaptons en permanence aux volont\u00e9s de notre communaut\u00e9 de Fl\u00e2neurs.<\/h6><h6>Nous savons qu&rsquo;il est plus qu&rsquo;agr\u00e9able de sortir des sentiers battus et de d\u00e9couvrir la ville \u00e0 travers ses lieux atypiques, ses sp\u00e9cialit\u00e9s culinaires et ses artisans.<\/h6><h6>Au gr\u00e9 de ces exp\u00e9riences nous avons appris que la culture ne se trouve pas uniquement dans un mus\u00e9e : la culture est partout, il suffit d&rsquo;ouvrir les yeux !<\/h6>\t\t\t\t\t\t<\/div>\n\t\t\t\t<\/div>\n\t\t\t\t\t<\/div>\n\t\t<\/div>\n\t\t\t\t\t<\/div>\n\t\t<\/section>\n\t\t\t\t<section class=\"elementor-section elementor-top-section elementor-element elementor-element-3122834 elementor-section-boxed elementor-section-height-default elementor-section-height-default\" data-id=\"3122834\" data-element_type=\"section\">\n\t\t\t\t\t\t<div class=\"elementor-container elementor-column-gap-default\">\n\t\t\t\t\t<div class=\"aux-parallax-section elementor-column elementor-col-100 elementor-top-column elementor-element elementor-element-d355742\" data-id=\"d355742\" data-element_type=\"column\">\n\t\t\t<div class=\"elementor-widget-wrap elementor-element-populated\">\n\t\t\t\t\t\t<div class=\"elementor-element elementor-element-8a103ed elementor-widget elementor-widget-aux_modern_button\" data-id=\"8a103ed\" data-element_type=\"widget\" data-widget_type=\"aux_modern_button.default\">\n\t\t\t\t<div class=\"elementor-widget-container\">\n\t\t\t    <div class=\"aux-modern-button-wrapper aux-modern-button-align-center\" >\n                    <a class=\"aux-modern-button aux-black aux-modern-button-lg aux-modern-button-curve aux-modern-button-default aux-icon-\" href=\"https:\/\/lesflaneurs.fr\/index.php\/politique-de-confidentialite\/\">\n                <div class=\"aux-overlay\"><\/div>\n                                    <div class=\"aux-icon \">\n                                            <\/div>\n                                <div class=\"aux-text\">\n<span class=\"aux-text-before\">Politique de confidentialit\u00e9<\/span><span class=\"aux-text-after\"> et C.G.U.<\/span>                <\/div>\n            <\/a>\n            \n    <\/div>\n\n    \t\t<\/div>\n\t\t\t\t<\/div>\n\t\t\t\t\t<\/div>\n\t\t<\/div>\n\t\t\t\t\t<\/div>\n\t\t<\/section>\n\t\t\t\t<\/div>\n\t\t","protected":false},"excerpt":{"rendered":"<p>Concepteurs d&rsquo;exp\u00e9riences culturelles Fl\u00e2ner (verbe intransitif) :&nbsp; Se promener sans h\u00e2te, en s&rsquo;abandonnant \u00e0 l&rsquo;impression et au spectacle du moment. Les Fl\u00e2neurs sont venus au monde en ayant \u00e0 l&rsquo;esprit cette id\u00e9e d&rsquo;errer le regard en l&rsquo;air, un peu perdu, \u00e0 la recherche de l&rsquo;\u00e9merveillement. Le mot \u00ab\u00a0exp\u00e9rience\u00a0\u00bb n&rsquo;a pas \u00e9t\u00e9 choisi au hasard. Notre [&hellip;]<\/p>\n","protected":false},"author":1,"featured_media":0,"parent":0,"menu_order":0,"comment_status":"closed","ping_status":"closed","template":"templates\/page-builder-content.php","meta":{"footnotes":""},"class_list":["post-123","page","type-page","status-publish","hentry"],"yoast_head":"<!-- This site is optimized with the Yoast SEO plugin v27.4 - https:\/\/yoast.com\/product\/yoast-seo-wordpress\/ -->\n<title>About Us - Les Fl\u00e2neurs<\/title>\n<meta name=\"description\" content=\"Nous sommes une agence d&#039;exp\u00e9riences culturelles qui vous fera d\u00e9couvrir des lieux insolites et gourmands.\" \/>\n<meta name=\"robots\" content=\"index, follow, max-snippet:-1, max-image-preview:large, max-video-preview:-1\" \/>\n<link rel=\"canonical\" href=\"https:\/\/lesflaneurs.fr\/index.php\/about-us\/\" \/>\n<meta property=\"og:locale\" content=\"fr_FR\" \/>\n<meta property=\"og:type\" content=\"article\" \/>\n<meta property=\"og:title\" content=\"About Us - Les Fl\u00e2neurs\" \/>\n<meta property=\"og:description\" content=\"Nous sommes une agence d&#039;exp\u00e9riences culturelles qui vous fera d\u00e9couvrir des lieux insolites et gourmands.\" \/>\n<meta property=\"og:url\" content=\"https:\/\/lesflaneurs.fr\/index.php\/about-us\/\" \/>\n<meta property=\"og:site_name\" content=\"Les Fl\u00e2neurs\" \/>\n<meta property=\"article:publisher\" content=\"https:\/\/www.facebook.com\/lesflaneurslyon\" \/>\n<meta property=\"article:modified_time\" content=\"2023-04-04T16:28:07+00:00\" \/>\n<meta property=\"og:image\" content=\"https:\/\/lesflaneurs.fr\/wp-content\/uploads\/2022\/09\/About-us-1024x1024.png\" \/>\n<meta name=\"twitter:card\" content=\"summary_large_image\" \/>\n<meta name=\"twitter:site\" content=\"@lesflaneurslyon\" \/>\n<meta name=\"twitter:label1\" content=\"Dur\u00e9e de lecture estim\u00e9e\" \/>\n\t<meta name=\"twitter:data1\" content=\"2 minutes\" \/>\n<script type=\"application\/ld+json\" class=\"yoast-schema-graph\">{\"@context\":\"https:\\\/\\\/schema.org\",\"@graph\":[{\"@type\":\"WebPage\",\"@id\":\"https:\\\/\\\/lesflaneurs.fr\\\/index.php\\\/about-us\\\/\",\"url\":\"https:\\\/\\\/lesflaneurs.fr\\\/index.php\\\/about-us\\\/\",\"name\":\"About Us - Les Fl\u00e2neurs\",\"isPartOf\":{\"@id\":\"https:\\\/\\\/lesflaneurs.fr\\\/#website\"},\"primaryImageOfPage\":{\"@id\":\"https:\\\/\\\/lesflaneurs.fr\\\/index.php\\\/about-us\\\/#primaryimage\"},\"image\":{\"@id\":\"https:\\\/\\\/lesflaneurs.fr\\\/index.php\\\/about-us\\\/#primaryimage\"},\"thumbnailUrl\":\"https:\\\/\\\/lesflaneurs.fr\\\/wp-content\\\/uploads\\\/2022\\\/09\\\/About-us-1024x1024.png\",\"datePublished\":\"2018-06-19T08:44:17+00:00\",\"dateModified\":\"2023-04-04T16:28:07+00:00\",\"description\":\"Nous sommes une agence d'exp\u00e9riences culturelles qui vous fera d\u00e9couvrir des lieux insolites et gourmands.\",\"breadcrumb\":{\"@id\":\"https:\\\/\\\/lesflaneurs.fr\\\/index.php\\\/about-us\\\/#breadcrumb\"},\"inLanguage\":\"fr-FR\",\"potentialAction\":[{\"@type\":\"ReadAction\",\"target\":[\"https:\\\/\\\/lesflaneurs.fr\\\/index.php\\\/about-us\\\/\"]}]},{\"@type\":\"ImageObject\",\"inLanguage\":\"fr-FR\",\"@id\":\"https:\\\/\\\/lesflaneurs.fr\\\/index.php\\\/about-us\\\/#primaryimage\",\"url\":\"https:\\\/\\\/lesflaneurs.fr\\\/wp-content\\\/uploads\\\/2022\\\/09\\\/About-us.png\",\"contentUrl\":\"https:\\\/\\\/lesflaneurs.fr\\\/wp-content\\\/uploads\\\/2022\\\/09\\\/About-us.png\",\"width\":1080,\"height\":1080},{\"@type\":\"BreadcrumbList\",\"@id\":\"https:\\\/\\\/lesflaneurs.fr\\\/index.php\\\/about-us\\\/#breadcrumb\",\"itemListElement\":[{\"@type\":\"ListItem\",\"position\":1,\"name\":\"Accueil\",\"item\":\"https:\\\/\\\/lesflaneurs.fr\\\/\"},{\"@type\":\"ListItem\",\"position\":2,\"name\":\"About Us\"}]},{\"@type\":\"WebSite\",\"@id\":\"https:\\\/\\\/lesflaneurs.fr\\\/#website\",\"url\":\"https:\\\/\\\/lesflaneurs.fr\\\/\",\"name\":\"Les Fl\u00e2neurs\",\"description\":\"Concepteurs d&#039;exp\u00e9riences culturelles\",\"publisher\":{\"@id\":\"https:\\\/\\\/lesflaneurs.fr\\\/#organization\"},\"potentialAction\":[{\"@type\":\"SearchAction\",\"target\":{\"@type\":\"EntryPoint\",\"urlTemplate\":\"https:\\\/\\\/lesflaneurs.fr\\\/?s={search_term_string}\"},\"query-input\":{\"@type\":\"PropertyValueSpecification\",\"valueRequired\":true,\"valueName\":\"search_term_string\"}}],\"inLanguage\":\"fr-FR\"},{\"@type\":\"Organization\",\"@id\":\"https:\\\/\\\/lesflaneurs.fr\\\/#organization\",\"name\":\"les fl\u00e2neurs\",\"url\":\"https:\\\/\\\/lesflaneurs.fr\\\/\",\"logo\":{\"@type\":\"ImageObject\",\"inLanguage\":\"fr-FR\",\"@id\":\"https:\\\/\\\/lesflaneurs.fr\\\/#\\\/schema\\\/logo\\\/image\\\/\",\"url\":\"http:\\\/\\\/lesflaneurs.fr\\\/wp-content\\\/uploads\\\/2022\\\/02\\\/cropped-logo-bon-format-web.png\",\"contentUrl\":\"http:\\\/\\\/lesflaneurs.fr\\\/wp-content\\\/uploads\\\/2022\\\/02\\\/cropped-logo-bon-format-web.png\",\"width\":381,\"height\":160,\"caption\":\"les fl\u00e2neurs\"},\"image\":{\"@id\":\"https:\\\/\\\/lesflaneurs.fr\\\/#\\\/schema\\\/logo\\\/image\\\/\"},\"sameAs\":[\"https:\\\/\\\/www.facebook.com\\\/lesflaneurslyon\",\"https:\\\/\\\/x.com\\\/lesflaneurslyon\",\"https:\\\/\\\/www.instagram.com\\\/lesflaneurslyon\\\/\"]}]}<\/script>\n<!-- \/ Yoast SEO plugin. -->","yoast_head_json":{"title":"About Us - Les Fl\u00e2neurs","description":"Nous sommes une agence d'exp\u00e9riences culturelles qui vous fera d\u00e9couvrir des lieux insolites et gourmands.","robots":{"index":"index","follow":"follow","max-snippet":"max-snippet:-1","max-image-preview":"max-image-preview:large","max-video-preview":"max-video-preview:-1"},"canonical":"https:\/\/lesflaneurs.fr\/index.php\/about-us\/","og_locale":"fr_FR","og_type":"article","og_title":"About Us - Les Fl\u00e2neurs","og_description":"Nous sommes une agence d'exp\u00e9riences culturelles qui vous fera d\u00e9couvrir des lieux insolites et gourmands.","og_url":"https:\/\/lesflaneurs.fr\/index.php\/about-us\/","og_site_name":"Les Fl\u00e2neurs","article_publisher":"https:\/\/www.facebook.com\/lesflaneurslyon","article_modified_time":"2023-04-04T16:28:07+00:00","og_image":[{"url":"https:\/\/lesflaneurs.fr\/wp-content\/uploads\/2022\/09\/About-us-1024x1024.png","type":"","width":"","height":""}],"twitter_card":"summary_large_image","twitter_site":"@lesflaneurslyon","twitter_misc":{"Dur\u00e9e de lecture estim\u00e9e":"2 minutes"},"schema":{"@context":"https:\/\/schema.org","@graph":[{"@type":"WebPage","@id":"https:\/\/lesflaneurs.fr\/index.php\/about-us\/","url":"https:\/\/lesflaneurs.fr\/index.php\/about-us\/","name":"About Us - Les Fl\u00e2neurs","isPartOf":{"@id":"https:\/\/lesflaneurs.fr\/#website"},"primaryImageOfPage":{"@id":"https:\/\/lesflaneurs.fr\/index.php\/about-us\/#primaryimage"},"image":{"@id":"https:\/\/lesflaneurs.fr\/index.php\/about-us\/#primaryimage"},"thumbnailUrl":"https:\/\/lesflaneurs.fr\/wp-content\/uploads\/2022\/09\/About-us-1024x1024.png","datePublished":"2018-06-19T08:44:17+00:00","dateModified":"2023-04-04T16:28:07+00:00","description":"Nous sommes une agence d'exp\u00e9riences culturelles qui vous fera d\u00e9couvrir des lieux insolites et gourmands.","breadcrumb":{"@id":"https:\/\/lesflaneurs.fr\/index.php\/about-us\/#breadcrumb"},"inLanguage":"fr-FR","potentialAction":[{"@type":"ReadAction","target":["https:\/\/lesflaneurs.fr\/index.php\/about-us\/"]}]},{"@type":"ImageObject","inLanguage":"fr-FR","@id":"https:\/\/lesflaneurs.fr\/index.php\/about-us\/#primaryimage","url":"https:\/\/lesflaneurs.fr\/wp-content\/uploads\/2022\/09\/About-us.png","contentUrl":"https:\/\/lesflaneurs.fr\/wp-content\/uploads\/2022\/09\/About-us.png","width":1080,"height":1080},{"@type":"BreadcrumbList","@id":"https:\/\/lesflaneurs.fr\/index.php\/about-us\/#breadcrumb","itemListElement":[{"@type":"ListItem","position":1,"name":"Accueil","item":"https:\/\/lesflaneurs.fr\/"},{"@type":"ListItem","position":2,"name":"About Us"}]},{"@type":"WebSite","@id":"https:\/\/lesflaneurs.fr\/#website","url":"https:\/\/lesflaneurs.fr\/","name":"Les Fl\u00e2neurs","description":"Concepteurs d&#039;exp\u00e9riences culturelles","publisher":{"@id":"https:\/\/lesflaneurs.fr\/#organization"},"potentialAction":[{"@type":"SearchAction","target":{"@type":"EntryPoint","urlTemplate":"https:\/\/lesflaneurs.fr\/?s={search_term_string}"},"query-input":{"@type":"PropertyValueSpecification","valueRequired":true,"valueName":"search_term_string"}}],"inLanguage":"fr-FR"},{"@type":"Organization","@id":"https:\/\/lesflaneurs.fr\/#organization","name":"les fl\u00e2neurs","url":"https:\/\/lesflaneurs.fr\/","logo":{"@type":"ImageObject","inLanguage":"fr-FR","@id":"https:\/\/lesflaneurs.fr\/#\/schema\/logo\/image\/","url":"http:\/\/lesflaneurs.fr\/wp-content\/uploads\/2022\/02\/cropped-logo-bon-format-web.png","contentUrl":"http:\/\/lesflaneurs.fr\/wp-content\/uploads\/2022\/02\/cropped-logo-bon-format-web.png","width":381,"height":160,"caption":"les fl\u00e2neurs"},"image":{"@id":"https:\/\/lesflaneurs.fr\/#\/schema\/logo\/image\/"},"sameAs":["https:\/\/www.facebook.com\/lesflaneurslyon","https:\/\/x.com\/lesflaneurslyon","https:\/\/www.instagram.com\/lesflaneurslyon\/"]}]}},"_links":{"self":[{"href":"https:\/\/lesflaneurs.fr\/index.php\/wp-json\/wp\/v2\/pages\/123","targetHints":{"allow":["GET"]}}],"collection":[{"href":"https:\/\/lesflaneurs.fr\/index.php\/wp-json\/wp\/v2\/pages"}],"about":[{"href":"https:\/\/lesflaneurs.fr\/index.php\/wp-json\/wp\/v2\/types\/page"}],"author":[{"embeddable":true,"href":"https:\/\/lesflaneurs.fr\/index.php\/wp-json\/wp\/v2\/users\/1"}],"replies":[{"embeddable":true,"href":"https:\/\/lesflaneurs.fr\/index.php\/wp-json\/wp\/v2\/comments?post=123"}],"version-history":[{"count":135,"href":"https:\/\/lesflaneurs.fr\/index.php\/wp-json\/wp\/v2\/pages\/123\/revisions"}],"predecessor-version":[{"id":2426,"href":"https:\/\/lesflaneurs.fr\/index.php\/wp-json\/wp\/v2\/pages\/123\/revisions\/2426"}],"wp:attachment":[{"href":"https:\/\/lesflaneurs.fr\/index.php\/wp-json\/wp\/v2\/media?parent=123"}],"curies":[{"name":"wp","href":"https:\/\/api.w.org\/{rel}","templated":true}]}}